{"id":954,"date":"2023-04-19T13:52:10","date_gmt":"2023-04-19T13:52:10","guid":{"rendered":"https:\/\/techlife.strongholdthemes.com\/dummydata\/demo1\/?page_id=954"},"modified":"2025-08-01T13:17:52","modified_gmt":"2025-08-01T10:17:52","slug":"iletisim","status":"publish","type":"page","link":"https:\/\/sultanantrepo.com.tr\/?page_id=954","title":{"rendered":"\u0130leti\u015fim"},"content":{"rendered":"\t\t<div data-elementor-type=\"wp-page\" data-elementor-id=\"954\" class=\"elementor elementor-954\" data-elementor-post-type=\"page\">\n\t\t\t\t\t\t<section class=\"elementor-section elementor-top-section elementor-element elementor-element-c06dda4 elementor-section-boxed elementor-section-height-default elementor-section-height-default\" data-id=\"c06dda4\" data-element_type=\"section\">\n\t\t\t\t\t\t<div class=\"elementor-container elementor-column-gap-default\">\n\t\t\t\t\t<div class=\"elementor-column elementor-col-33 elementor-top-column elementor-element elementor-element-15c4348\" data-id=\"15c4348\" data-element_type=\"column\">\n\t\t\t<div class=\"elementor-widget-wrap elementor-element-populated\">\n\t\t\t\t\t\t<div class=\"elementor-element elementor-element-2655654 elementor-invisible elementor-widget elementor-widget-tech-life-info-icon\" data-id=\"2655654\" data-element_type=\"widget\" data-settings=\"{&quot;_animation&quot;:&quot;fadeIn&quot;}\" data-widget_type=\"tech-life-info-icon.default\">\n\t\t\t\t<div class=\"elementor-widget-container\">\n\t\t\t\t\t<div class=\"stronghold-info-icon-wrapper\"><div class=\"icon-wrapper\" style=\" margin: 0 auto; height: 75px !important; line-height: 85px !important; width: 75px !important; border-radius: 6px; border-radius: 50%;\"><i class=\"info-icon-element fas fa-map-marker-alt\"><\/i><\/div><div class=\"stronghold-info-icon-content\" style=\"padding-top: 25px;\"><div class=\"stronghold-info-icon-title\"><h4 class=\"stronghold-info-icon-title-element\">Adres<\/h4><\/div><div class=\"stronghold-info-icon-desc\"><p>B\u00fcy\u00fckbakkalk\u00f6y Mahallesi Aynur Sokak No:4 MALTEPE\/ \u0130STANBUL\n\n <\/p><\/div><\/div><\/div>\t\t\t\t<\/div>\n\t\t\t\t<\/div>\n\t\t\t\t\t<\/div>\n\t\t<\/div>\n\t\t\t\t<div class=\"elementor-column elementor-col-33 elementor-top-column elementor-element elementor-element-cb76eff\" data-id=\"cb76eff\" data-element_type=\"column\">\n\t\t\t<div class=\"elementor-widget-wrap elementor-element-populated\">\n\t\t\t\t\t\t<div class=\"elementor-element elementor-element-97843cd elementor-invisible elementor-widget elementor-widget-tech-life-info-icon\" data-id=\"97843cd\" data-element_type=\"widget\" data-settings=\"{&quot;_animation&quot;:&quot;fadeIn&quot;,&quot;_animation_delay&quot;:150}\" data-widget_type=\"tech-life-info-icon.default\">\n\t\t\t\t<div class=\"elementor-widget-container\">\n\t\t\t\t\t<div class=\"stronghold-info-icon-wrapper\"><div class=\"icon-wrapper\" style=\" margin: 0 auto; height: 75px !important; line-height: 85px !important; width: 75px !important; border-radius: 6px; border-radius: 50%;\"><i class=\"info-icon-element fas fa-phone-alt\"><\/i><\/div><div class=\"stronghold-info-icon-content\" style=\"padding-top: 25px;\"><div class=\"stronghold-info-icon-title\"><h4 class=\"stronghold-info-icon-title-element\">Telefon<\/h4><\/div><div class=\"stronghold-info-icon-desc\"><p><a href=\"tel:2165618200\">(0216) 561 82 00<\/a>\n\n <\/p><\/div><\/div><\/div>\t\t\t\t<\/div>\n\t\t\t\t<\/div>\n\t\t\t\t\t<\/div>\n\t\t<\/div>\n\t\t\t\t<div class=\"elementor-column elementor-col-33 elementor-top-column elementor-element elementor-element-b7c004c\" data-id=\"b7c004c\" data-element_type=\"column\">\n\t\t\t<div class=\"elementor-widget-wrap elementor-element-populated\">\n\t\t\t\t\t\t<div class=\"elementor-element elementor-element-16d3259 elementor-invisible elementor-widget elementor-widget-tech-life-info-icon\" data-id=\"16d3259\" data-element_type=\"widget\" data-settings=\"{&quot;_animation&quot;:&quot;fadeIn&quot;,&quot;_animation_delay&quot;:200}\" data-widget_type=\"tech-life-info-icon.default\">\n\t\t\t\t<div class=\"elementor-widget-container\">\n\t\t\t\t\t<div class=\"stronghold-info-icon-wrapper\"><div class=\"icon-wrapper\" style=\" margin: 0 auto; height: 75px !important; line-height: 85px !important; width: 75px !important; border-radius: 6px; border-radius: 50%;\"><i class=\"info-icon-element fas fa-envelope\"><\/i><\/div><div class=\"stronghold-info-icon-content\" style=\"padding-top: 25px;\"><div class=\"stronghold-info-icon-title\"><h4 class=\"stronghold-info-icon-title-element\">E-Posta<\/h4><\/div><div class=\"stronghold-info-icon-desc\"><p><a href=\"mailto:info@sultanantrepo.com.tr\"> info@sultanantrepo.com.tr<\/a>\n <\/p><\/div><\/div><\/div>\t\t\t\t<\/div>\n\t\t\t\t<\/div>\n\t\t\t\t\t<\/div>\n\t\t<\/div>\n\t\t\t\t\t<\/div>\n\t\t<\/section>\n\t\t\t\t<section class=\"elementor-section elementor-top-section elementor-element elementor-element-af3c897 elementor-section-boxed elementor-section-height-default elementor-section-height-default\" data-id=\"af3c897\" data-element_type=\"section\">\n\t\t\t\t\t\t<div class=\"elementor-container elementor-column-gap-default\">\n\t\t\t\t\t<div class=\"elementor-column elementor-col-50 elementor-top-column elementor-element elementor-element-c6987a5 elementor-invisible\" data-id=\"c6987a5\" data-element_type=\"column\" data-settings=\"{&quot;animation&quot;:&quot;fadeIn&quot;}\">\n\t\t\t<div class=\"elementor-widget-wrap elementor-element-populated\">\n\t\t\t\t\t\t<div class=\"elementor-element elementor-element-317321a elementor-widget elementor-widget-tech-life-heading\" data-id=\"317321a\" data-element_type=\"widget\" data-widget_type=\"tech-life-heading.default\">\n\t\t\t\t<div class=\"elementor-widget-container\">\n\t\t\t\t\t<div class=\"stronghold-heading\"><div class=\"heading-title\"><h3 class=\"heading-title-element\">Konum<\/h3><span class=\"heading-separator\"><\/span><\/div><\/div>\t\t\t\t<\/div>\n\t\t\t\t<\/div>\n\t\t\t\t<div class=\"elementor-element elementor-element-8221e51 elementor-widget elementor-widget-text-editor\" data-id=\"8221e51\" data-element_type=\"widget\" data-widget_type=\"text-editor.default\">\n\t\t\t\t\t\t\t\t\t<p>Sultan Antrepo D\u0131\u015f Tic.A.\u015e Erenk\u00f6y G\u00fcmr\u00fck M\u00fcd\u00fcrl\u00fc\u011f\u00fcne 9 km mesafededir. Antrepomuzun TEM ba\u011flant\u0131lar\u0131 mevcuttur.<\/p>\t\t\t\t\t\t\t\t<\/div>\n\t\t\t\t<div class=\"elementor-element elementor-element-3a30c61 elementor-widget elementor-widget-google_maps\" data-id=\"3a30c61\" data-element_type=\"widget\" data-widget_type=\"google_maps.default\">\n\t\t\t\t\t\t\t<div class=\"elementor-custom-embed\">\n\t\t\t<iframe loading=\"lazy\"\n\t\t\t\t\tsrc=\"https:\/\/maps.google.com\/maps?q=sultan%20antrepo&#038;t=m&#038;z=12&#038;output=embed&#038;iwloc=near\"\n\t\t\t\t\ttitle=\"sultan antrepo\"\n\t\t\t\t\taria-label=\"sultan antrepo\"\n\t\t\t><\/iframe>\n\t\t<\/div>\n\t\t\t\t\t\t<\/div>\n\t\t\t\t\t<\/div>\n\t\t<\/div>\n\t\t\t\t<div class=\"elementor-column elementor-col-50 elementor-top-column elementor-element elementor-element-70f0073 elementor-invisible\" data-id=\"70f0073\" data-element_type=\"column\" data-settings=\"{&quot;animation&quot;:&quot;fadeIn&quot;,&quot;animation_delay&quot;:100}\">\n\t\t\t<div class=\"elementor-widget-wrap elementor-element-populated\">\n\t\t\t\t\t\t<div class=\"elementor-element elementor-element-75e1129 elementor-widget elementor-widget-tech-life-heading\" data-id=\"75e1129\" data-element_type=\"widget\" data-widget_type=\"tech-life-heading.default\">\n\t\t\t\t<div class=\"elementor-widget-container\">\n\t\t\t\t\t<div class=\"stronghold-heading\"><div class=\"heading-title\"><h3 class=\"heading-title-element\">Bize Ula\u015f\u0131n<\/h3><span class=\"heading-separator\"><\/span><\/div><\/div>\t\t\t\t<\/div>\n\t\t\t\t<\/div>\n\t\t\t\t<div class=\"elementor-element elementor-element-d14d10d elementor-widget elementor-widget-text-editor\" data-id=\"d14d10d\" data-element_type=\"widget\" data-widget_type=\"text-editor.default\">\n\t\t\t\t\t\t\t\t\t<p>A\u015fa\u011f\u0131daki formu kullanarak bize istek soru ve \u00f6nerilerinizi iletebilirsiniz. Profesyonel ekibimiz h\u0131zl\u0131ca sizlere d\u00f6n\u00fc\u015f yapacakt\u0131r.<\/p>\t\t\t\t\t\t\t\t<\/div>\n\t\t\t\t<div class=\"elementor-element elementor-element-6b46b5e elementor-widget elementor-widget-tech-life-contact-form\" data-id=\"6b46b5e\" data-element_type=\"widget\" data-widget_type=\"tech-life-contact-form.default\">\n\t\t\t\t<div class=\"elementor-widget-container\">\n\t\t\t\t\t           \r\n            <div class=\"contact-form-wrapper\">\r\n                \n<div class=\"wpcf7 no-js\" id=\"wpcf7-f2484-o1\" lang=\"tr-TR\" dir=\"ltr\" data-wpcf7-id=\"2484\">\n<div class=\"screen-reader-response\"><p role=\"status\" aria-live=\"polite\" aria-atomic=\"true\"><\/p> <ul><\/ul><\/div>\n<form action=\"\/index.php?rest_route=%2Fwp%2Fv2%2Fpages%2F954#wpcf7-f2484-o1\" method=\"post\" class=\"wpcf7-form init\" aria-label=\"\u0130leti\u015fim Formu\" novalidate=\"novalidate\" data-status=\"init\">\n<fieldset class=\"hidden-fields-container\"><input type=\"hidden\" name=\"_wpcf7\" value=\"2484\" \/><input type=\"hidden\" name=\"_wpcf7_version\" value=\"6.1\" \/><input type=\"hidden\" name=\"_wpcf7_locale\" value=\"tr_TR\" \/><input type=\"hidden\" name=\"_wpcf7_unit_tag\" value=\"wpcf7-f2484-o1\" \/><input type=\"hidden\" name=\"_wpcf7_container_post\" value=\"0\" \/><input type=\"hidden\" name=\"_wpcf7_posted_data_hash\" value=\"\" \/>\n<\/fieldset>\n<p><label> \u0130sim Soyisim<br \/>\n<span class=\"wpcf7-form-control-wrap\" data-name=\"your-name\"><input size=\"40\" maxlength=\"400\" class=\"wpcf7-form-control wpcf7-text wpcf7-validates-as-required\" autocomplete=\"name\" aria-required=\"true\" aria-invalid=\"false\" value=\"\" type=\"text\" name=\"your-name\" \/><\/span> <\/label>\n<\/p>\n<p><label> E-posta adresi<br \/>\n<span class=\"wpcf7-form-control-wrap\" data-name=\"your-email\"><input size=\"40\" maxlength=\"400\" class=\"wpcf7-form-control wpcf7-email wpcf7-validates-as-required wpcf7-text wpcf7-validates-as-email\" autocomplete=\"email\" aria-required=\"true\" aria-invalid=\"false\" value=\"\" type=\"email\" name=\"your-email\" \/><\/span> <\/label>\n<\/p>\n<p><label> Telefon<br \/>\n<span class=\"wpcf7-form-control-wrap\" data-name=\"tel-977\"><input size=\"40\" maxlength=\"400\" class=\"wpcf7-form-control wpcf7-tel wpcf7-text wpcf7-validates-as-tel\" aria-invalid=\"false\" value=\"\" type=\"tel\" name=\"tel-977\" \/><\/span> <\/label>\n<\/p>\n<p><label> Konu<br \/>\n<span class=\"wpcf7-form-control-wrap\" data-name=\"your-subject\"><input size=\"40\" maxlength=\"400\" class=\"wpcf7-form-control wpcf7-text wpcf7-validates-as-required\" aria-required=\"true\" aria-invalid=\"false\" value=\"\" type=\"text\" name=\"your-subject\" \/><\/span> <\/label>\n<\/p>\n<p><label> Mesaj<br \/>\n<span class=\"wpcf7-form-control-wrap\" data-name=\"your-message\"><textarea cols=\"40\" rows=\"10\" maxlength=\"2000\" class=\"wpcf7-form-control wpcf7-textarea\" aria-invalid=\"false\" name=\"your-message\"><\/textarea><\/span> <\/label>\n<\/p>\n<p><input class=\"wpcf7-form-control wpcf7-submit has-spinner\" type=\"submit\" value=\"G\u00f6nder\" \/>\n<\/p><div class=\"wpcf7-response-output\" aria-hidden=\"true\"><\/div>\n<\/form>\n<\/div>\n            <\/div>\r\n            \t\t\t\t<\/div>\n\t\t\t\t<\/div>\n\t\t\t\t\t<\/div>\n\t\t<\/div>\n\t\t\t\t\t<\/div>\n\t\t<\/section>\n\t\t\t\t<\/div>\n\t\t","protected":false},"excerpt":{"rendered":"<p>Adres B\u00fcy\u00fckbakkalk\u00f6y Mahallesi Aynur Sokak No:4 MALTEPE\/ \u0130STANBUL Telefon (0216) 561 82 00 E-Posta info@sultanantrepo.com.tr Konum Sultan Antrepo D\u0131\u015f Tic.A.\u015e Erenk\u00f6y G\u00fcmr\u00fck M\u00fcd\u00fcrl\u00fc\u011f\u00fcne 9 km mesafededir. Antrepomuzun TEM ba\u011flant\u0131lar\u0131 mevcuttur. Bize Ula\u015f\u0131n A\u015fa\u011f\u0131daki formu kullanarak bize istek soru ve \u00f6nerilerinizi iletebilirsiniz. Profesyonel ekibimiz h\u0131zl\u0131ca sizlere d\u00f6n\u00fc\u015f yapacakt\u0131r. \u0130sim Soyisim E-posta adresi Telefon Konu Mesaj<\/p>\n","protected":false},"author":1,"featured_media":0,"parent":0,"menu_order":0,"comment_status":"closed","ping_status":"closed","template":"","meta":{"footnotes":""},"class_list":["post-954","page","type-page","status-publish","hentry"],"_links":{"self":[{"href":"https:\/\/sultanantrepo.com.tr\/index.php?rest_route=\/wp\/v2\/pages\/954","targetHints":{"allow":["GET"]}}],"collection":[{"href":"https:\/\/sultanantrepo.com.tr\/index.php?rest_route=\/wp\/v2\/pages"}],"about":[{"href":"https:\/\/sultanantrepo.com.tr\/index.php?rest_route=\/wp\/v2\/types\/page"}],"author":[{"embeddable":true,"href":"https:\/\/sultanantrepo.com.tr\/index.php?rest_route=\/wp\/v2\/users\/1"}],"replies":[{"embeddable":true,"href":"https:\/\/sultanantrepo.com.tr\/index.php?rest_route=%2Fwp%2Fv2%2Fcomments&post=954"}],"version-history":[{"count":28,"href":"https:\/\/sultanantrepo.com.tr\/index.php?rest_route=\/wp\/v2\/pages\/954\/revisions"}],"predecessor-version":[{"id":2546,"href":"https:\/\/sultanantrepo.com.tr\/index.php?rest_route=\/wp\/v2\/pages\/954\/revisions\/2546"}],"wp:attachment":[{"href":"https:\/\/sultanantrepo.com.tr\/index.php?rest_route=%2Fwp%2Fv2%2Fmedia&parent=954"}],"curies":[{"name":"wp","href":"https:\/\/api.w.org\/{rel}","templated":true}]}}